{"id":362,"date":"2019-04-21T16:13:18","date_gmt":"2019-04-21T14:13:18","guid":{"rendered":"http:\/\/crechelespiouspious.fr\/?page_id=362"},"modified":"2026-04-12T21:21:34","modified_gmt":"2026-04-12T19:21:34","slug":"notre-creche","status":"publish","type":"page","link":"https:\/\/crechelespiouspious.fr\/?page_id=362","title":{"rendered":"Notre cr\u00e8che"},"content":{"rendered":"\n<h3><img loading=\"lazy\" decoding=\"async\" class=\"aligncenter wp-image-21541\" src=\"http:\/\/crechelespiouspious.fr\/wp-content\/uploads\/Frise-1.png\" alt=\"\" width=\"700\" height=\"266\" srcset=\"https:\/\/crechelespiouspious.fr\/wp-content\/uploads\/Frise-1.png 820w, https:\/\/crechelespiouspious.fr\/wp-content\/uploads\/Frise-1-300x114.png 300w, https:\/\/crechelespiouspious.fr\/wp-content\/uploads\/Frise-1-768x292.png 768w, https:\/\/crechelespiouspious.fr\/wp-content\/uploads\/Frise-1-700x266.png 700w\" sizes=\"auto, (max-width: 700px) 100vw, 700px\" \/><\/h3>\n<h2><span style=\"font-family: verdana, geneva, sans-serif;\"><span style=\"color: #333333;\"><b>Qu&rsquo;est-ce qu&rsquo;une cr\u00e8che parentale ?<\/b><\/span><\/span><\/h2>\n<p><span style=\"font-family: verdana, geneva, sans-serif; color: #808080;\">Notre cr\u00e8che parentale est un \u00e9tablissement d\u2019accueil d\u00e9di\u00e9 \u00e0 la petite enfance, mais c\u2019est avant tout une association de parents.<\/span><br \/><span style=\"font-family: verdana, geneva, sans-serif; color: #808080;\">De petite taille, notre cr\u00e8che peut accueillir jusqu\u2019\u00e0 15 enfants \u00e2g\u00e9s de 2 mois \u00bd \u00e0 3 ans. Les parents des enfants inscrits travaillent ensemble au bon \u00e9quilibre de la cr\u00e8che et sont les garants du bon fonctionnement et de la p\u00e9rennit\u00e9 de la structure. Ils emploient les professionnels qui sont en charge de l\u2019accueil de l\u2019enfant ainsi que du contenu et de l\u2019application du projet p\u00e9dagogique. Les parents participent ainsi \u00e0 la vie de la cr\u00e8che et partagent la responsabilit\u00e9 dans le cadre d&rsquo;une co\u00e9ducation parents\/professionnels autour de l&rsquo;enfant.<\/span><\/p>\n<p>\u00a0<\/p>\n","protected":false},"excerpt":{"rendered":"<p>Qu&rsquo;est-ce qu&rsquo;une cr\u00e8che parentale ? Notre cr\u00e8che parentale est un \u00e9tablissement d\u2019accueil d\u00e9di\u00e9 \u00e0 la petite enfance, mais c\u2019est avant tout une association de parents.De petite taille, notre cr\u00e8che peut accueillir jusqu\u2019\u00e0 15 enfants \u00e2g\u00e9s de 2 mois \u00bd \u00e0 3 ans. Les parents des enfants inscrits travaillent ensemble au bon \u00e9quilibre de la cr\u00e8che [&hellip;]<\/p>\n","protected":false},"author":6,"featured_media":0,"parent":0,"menu_order":1,"comment_status":"closed","ping_status":"closed","template":"","meta":{"footnotes":""},"class_list":["post-362","page","type-page","status-publish","hentry"],"_links":{"self":[{"href":"https:\/\/crechelespiouspious.fr\/index.php?rest_route=\/wp\/v2\/pages\/362","targetHints":{"allow":["GET"]}}],"collection":[{"href":"https:\/\/crechelespiouspious.fr\/index.php?rest_route=\/wp\/v2\/pages"}],"about":[{"href":"https:\/\/crechelespiouspious.fr\/index.php?rest_route=\/wp\/v2\/types\/page"}],"author":[{"embeddable":true,"href":"https:\/\/crechelespiouspious.fr\/index.php?rest_route=\/wp\/v2\/users\/6"}],"replies":[{"embeddable":true,"href":"https:\/\/crechelespiouspious.fr\/index.php?rest_route=%2Fwp%2Fv2%2Fcomments&post=362"}],"version-history":[{"count":255,"href":"https:\/\/crechelespiouspious.fr\/index.php?rest_route=\/wp\/v2\/pages\/362\/revisions"}],"predecessor-version":[{"id":22564,"href":"https:\/\/crechelespiouspious.fr\/index.php?rest_route=\/wp\/v2\/pages\/362\/revisions\/22564"}],"wp:attachment":[{"href":"https:\/\/crechelespiouspious.fr\/index.php?rest_route=%2Fwp%2Fv2%2Fmedia&parent=362"}],"curies":[{"name":"wp","href":"https:\/\/api.w.org\/{rel}","templated":true}]}}