{"id":21386,"date":"2020-05-25T15:48:06","date_gmt":"2020-05-25T13:48:06","guid":{"rendered":"http:\/\/crechelespiouspious.fr\/?page_id=21386"},"modified":"2021-03-28T21:20:43","modified_gmt":"2021-03-28T19:20:43","slug":"notre-actu","status":"publish","type":"page","link":"https:\/\/crechelespiouspious.fr\/?page_id=21386","title":{"rendered":"NOTRE ACTU"},"content":{"rendered":"\n<div class=\"wp-block-columns is-layout-flex wp-container-core-columns-is-layout-9d6595d7 wp-block-columns-is-layout-flex\">\n<div class=\"wp-block-column is-layout-flow wp-block-column-is-layout-flow\" style=\"flex-basis:33.33%\">\n<div class=\"wp-block-image is-style-default\"><figure class=\"alignright size-medium\"><img loading=\"lazy\" decoding=\"async\" width=\"200\" height=\"300\" src=\"http:\/\/crechelespiouspious.fr\/wp-content\/uploads\/Livres-pile-200x300.jpg\" alt=\"\" class=\"wp-image-21802\" srcset=\"https:\/\/crechelespiouspious.fr\/wp-content\/uploads\/Livres-pile-200x300.jpg 200w, https:\/\/crechelespiouspious.fr\/wp-content\/uploads\/Livres-pile-683x1024.jpg 683w, https:\/\/crechelespiouspious.fr\/wp-content\/uploads\/Livres-pile-768x1152.jpg 768w, https:\/\/crechelespiouspious.fr\/wp-content\/uploads\/Livres-pile-1024x1536.jpg 1024w, https:\/\/crechelespiouspious.fr\/wp-content\/uploads\/Livres-pile-1365x2048.jpg 1365w, https:\/\/crechelespiouspious.fr\/wp-content\/uploads\/Livres-pile-700x1050.jpg 700w, https:\/\/crechelespiouspious.fr\/wp-content\/uploads\/Livres-pile-scaled.jpg 1707w\" sizes=\"auto, (max-width: 200px) 100vw, 200px\" \/><\/figure><\/div>\n<\/div>\n\n\n\n<div class=\"wp-block-column is-layout-flow wp-block-column-is-layout-flow\" style=\"flex-basis:66.66%\">\n<p><span style=\"color: #3387cc;\"><span style=\"font-family: 'andale mono', monospace;\"><span style=\"color: #333333;\">&gt;<\/span>&nbsp;<\/span><strong><a style=\"color: #3387cc;\" href=\"https:\/\/crechelespiouspious.fr\/?p=20452\"><span style=\"font-family: 'andale mono', monospace;\"><span style=\"text-decoration: underline;\">Recrutement de professionnel.le.s<\/span><\/span><\/a><\/strong><\/span><\/p>\n<p><span style=\"font-family: 'andale mono', monospace; color: #3387cc;\"><br \/><span style=\"color: #3387cc;\"><span style=\"font-family: 'andale mono', monospace;\"><span style=\"color: #333333;\">&gt;<\/span><\/span><\/span>&nbsp;<\/span><span style=\"color: #3387cc;\"><strong><a style=\"color: #3387cc;\" href=\"https:\/\/crechelespiouspious.fr\/?p=20428\"><span style=\"font-family: 'andale mono', monospace;\"><span style=\"text-decoration: underline;\">Mesures prises suite \u00e0 l&rsquo;\u00e9pid\u00e9mie du COVID-19<\/span><\/span><\/a><\/strong><\/span><\/p>\n<p>&nbsp;<\/p>\n<p><span style=\"font-family: andale mono, monospace;\">&gt; <\/span><span style=\"text-decoration: underline;\"><strong><a href=\"https:\/\/crechelespiouspious.fr\/?p=21473\" target=\"_blank\" rel=\"noopener\"><span style=\"font-family: andale mono, monospace;\"><span style=\"color: #3387cc; text-decoration: underline;\">Tuto masques artisanaux<\/span><\/span><\/a><\/strong><\/span><\/p>\n<\/div>\n<\/div>\n","protected":false},"excerpt":{"rendered":"<p>&gt;&nbsp;Recrutement de professionnel.le.s &gt;&nbsp;Mesures prises suite \u00e0 l&rsquo;\u00e9pid\u00e9mie du COVID-19 &nbsp; &gt; Tuto masques artisanaux<\/p>\n","protected":false},"author":6,"featured_media":0,"parent":0,"menu_order":1,"comment_status":"closed","ping_status":"closed","template":"","meta":{"footnotes":""},"class_list":["post-21386","page","type-page","status-publish"],"_links":{"self":[{"href":"https:\/\/crechelespiouspious.fr\/index.php?rest_route=\/wp\/v2\/pages\/21386","targetHints":{"allow":["GET"]}}],"collection":[{"href":"https:\/\/crechelespiouspious.fr\/index.php?rest_route=\/wp\/v2\/pages"}],"about":[{"href":"https:\/\/crechelespiouspious.fr\/index.php?rest_route=\/wp\/v2\/types\/page"}],"author":[{"embeddable":true,"href":"https:\/\/crechelespiouspious.fr\/index.php?rest_route=\/wp\/v2\/users\/6"}],"replies":[{"embeddable":true,"href":"https:\/\/crechelespiouspious.fr\/index.php?rest_route=%2Fwp%2Fv2%2Fcomments&post=21386"}],"version-history":[{"count":34,"href":"https:\/\/crechelespiouspious.fr\/index.php?rest_route=\/wp\/v2\/pages\/21386\/revisions"}],"predecessor-version":[{"id":22411,"href":"https:\/\/crechelespiouspious.fr\/index.php?rest_route=\/wp\/v2\/pages\/21386\/revisions\/22411"}],"wp:attachment":[{"href":"https:\/\/crechelespiouspious.fr\/index.php?rest_route=%2Fwp%2Fv2%2Fmedia&parent=21386"}],"curies":[{"name":"wp","href":"https:\/\/api.w.org\/{rel}","templated":true}]}}