{"id":21351,"date":"2020-05-24T07:37:23","date_gmt":"2020-05-24T05:37:23","guid":{"rendered":"http:\/\/crechelespiouspious.fr\/?page_id=21351"},"modified":"2026-04-11T11:17:35","modified_gmt":"2026-04-11T09:17:35","slug":"notre-projet","status":"publish","type":"page","link":"https:\/\/crechelespiouspious.fr\/?page_id=21351","title":{"rendered":"L&rsquo;association"},"content":{"rendered":"\n<p><img loading=\"lazy\" decoding=\"async\" class=\"aligncenter wp-image-21591\" src=\"http:\/\/crechelespiouspious.fr\/wp-content\/uploads\/2-enfants-qui-posent-fond-jaune-1024x683.jpg\" alt=\"\" width=\"500\" height=\"333\" srcset=\"https:\/\/crechelespiouspious.fr\/wp-content\/uploads\/2-enfants-qui-posent-fond-jaune-1024x683.jpg 1024w, https:\/\/crechelespiouspious.fr\/wp-content\/uploads\/2-enfants-qui-posent-fond-jaune-300x200.jpg 300w, https:\/\/crechelespiouspious.fr\/wp-content\/uploads\/2-enfants-qui-posent-fond-jaune-768x512.jpg 768w, https:\/\/crechelespiouspious.fr\/wp-content\/uploads\/2-enfants-qui-posent-fond-jaune-1536x1024.jpg 1536w, https:\/\/crechelespiouspious.fr\/wp-content\/uploads\/2-enfants-qui-posent-fond-jaune-2048x1365.jpg 2048w, https:\/\/crechelespiouspious.fr\/wp-content\/uploads\/2-enfants-qui-posent-fond-jaune-700x467.jpg 700w\" sizes=\"auto, (max-width: 500px) 100vw, 500px\" \/><\/p>\n<p style=\"text-align: center;\"><span style=\"font-family: andale mono, monospace; color: #333333;\">NOUS AXONS NOTRE PROJET P\u00c9DAGOGIQUE AUTOUR DE LA MOTRICIT\u00c9 LIBRE ET DE L&rsquo;AUTONOMIE DE L&rsquo;ENFANT.<br \/><\/span><span style=\"font-family: andale mono, monospace; color: #333333;\">LE PLAISIR ET LE JEU SONT AU C\u0152UR DE NOTRE PROJET.<\/span><\/p>\n<h5>\u00a0<\/h5>\n<p><span style=\"font-family: andale mono, monospace; color: #333333;\">NOS OBJECTIFS<\/span><strong><span style=\"font-family: andale mono, monospace; color: #333333;\"><br \/><\/span><\/strong><\/p>\n<p>\u00a0<\/p>\n<p><span style=\"font-family: andale mono, monospace;\"><span style=\"color: #3387cc;\">Pr\u00e9server le bien-\u00eatre des enfants <\/span><span style=\"color: #333333;\">en respectant leurs besoins, leur rythme de vie et leurs rituels (sommeil, alimentation, jeux\u2026) et en promouvant l\u2019\u00e9veil, l\u2019autonomie et la socialisation via divers jeux et activit\u00e9s.<\/span><\/span><\/p>\n<p>\u00a0<\/p>\n<p><span style=\"font-family: andale mono, monospace;\"><span style=\"color: #3387cc;\">Assurer le relais des parents <\/span><span style=\"color: #333333;\">en leur absence tant au niveau affectif (soins, c\u00e2lins, maternage\u2026) qu\u2019\u00e9ducatif \u00a0respect des autres, partage, propret\u00e9, politesse, \u00e9coute, d\u00e9couvertes et apprentissages\u2026).<\/span><\/span><\/p>\n<p>\u00a0<\/p>\n<p><span style=\"font-family: andale mono, monospace;\"><span style=\"color: #3387cc;\">Permettre \u00e0 l\u2019enfant de d\u00e9couvrir et d\u2019apprendre <\/span><span style=\"color: #333333;\">les r\u00e8gles de la vie en collectivit\u00e9.<\/span><\/span><\/p>\n<p>\u00a0<\/p>\n\n\n\n<figure class=\"wp-block-gallery aligncenter has-nested-images columns-4 is-cropped wp-block-gallery-1 is-layout-flex wp-block-gallery-is-layout-flex\">\n<figure class=\"wp-block-image size-large\"><img loading=\"lazy\" decoding=\"async\" width=\"1707\" height=\"1708\" data-id=\"21143\" src=\"https:\/\/crechelespiouspious.fr\/wp-content\/uploads\/2-enfants-qui-jouent-2-scaled-e1590680004203.jpg\" alt=\"\" class=\"wp-image-21143\"\/><figcaption class=\"wp-element-caption\"><strong><span class=\"underline\" style=\"text-decoration: underline\"><a href=\"https:\/\/crechelespiouspious.fr\/?p=21595\"><span class=\"tadv-color\" style=\"color:#eeeeee\">L&rsquo;adaptation<\/span><\/a><\/span><\/strong><\/figcaption><\/figure>\n\n\n\n<figure class=\"wp-block-image size-large\"><img loading=\"lazy\" decoding=\"async\" width=\"1024\" height=\"682\" data-id=\"21600\" src=\"https:\/\/crechelespiouspious.fr\/wp-content\/uploads\/Pain-qui-sourit-1024x682.jpg\" alt=\"\" class=\"wp-image-21600\" srcset=\"https:\/\/crechelespiouspious.fr\/wp-content\/uploads\/Pain-qui-sourit-1024x682.jpg 1024w, https:\/\/crechelespiouspious.fr\/wp-content\/uploads\/Pain-qui-sourit-300x200.jpg 300w, https:\/\/crechelespiouspious.fr\/wp-content\/uploads\/Pain-qui-sourit-768x512.jpg 768w, https:\/\/crechelespiouspious.fr\/wp-content\/uploads\/Pain-qui-sourit-1536x1024.jpg 1536w, https:\/\/crechelespiouspious.fr\/wp-content\/uploads\/Pain-qui-sourit-700x467.jpg 700w, https:\/\/crechelespiouspious.fr\/wp-content\/uploads\/Pain-qui-sourit.jpg 2000w\" sizes=\"auto, (max-width: 1024px) 100vw, 1024px\" \/><figcaption class=\"wp-element-caption\"><a href=\"https:\/\/crechelespiouspious.fr\/?p=21602\"><strong><span class=\"underline\" style=\"text-decoration: underline\"><span class=\"tadv-color\" style=\"color:#eeeeee\">Les repas<\/span><\/span><\/strong><\/a><\/figcaption><\/figure>\n\n\n\n<figure class=\"wp-block-image size-large\"><img loading=\"lazy\" decoding=\"async\" width=\"1024\" height=\"683\" data-id=\"21611\" src=\"https:\/\/crechelespiouspious.fr\/wp-content\/uploads\/Petite-fille-et-papa-qui-peint-1024x683.jpg\" alt=\"\" class=\"wp-image-21611\" srcset=\"https:\/\/crechelespiouspious.fr\/wp-content\/uploads\/Petite-fille-et-papa-qui-peint-1024x683.jpg 1024w, https:\/\/crechelespiouspious.fr\/wp-content\/uploads\/Petite-fille-et-papa-qui-peint-300x200.jpg 300w, https:\/\/crechelespiouspious.fr\/wp-content\/uploads\/Petite-fille-et-papa-qui-peint-768x512.jpg 768w, https:\/\/crechelespiouspious.fr\/wp-content\/uploads\/Petite-fille-et-papa-qui-peint-1536x1024.jpg 1536w, https:\/\/crechelespiouspious.fr\/wp-content\/uploads\/Petite-fille-et-papa-qui-peint-2048x1366.jpg 2048w, https:\/\/crechelespiouspious.fr\/wp-content\/uploads\/Petite-fille-et-papa-qui-peint-700x467.jpg 700w\" sizes=\"auto, (max-width: 1024px) 100vw, 1024px\" \/><figcaption class=\"wp-element-caption\"><strong><span class=\"underline\" style=\"text-decoration: underline\"><a href=\"https:\/\/crechelespiouspious.fr\/?p=21613\"><span class=\"tadv-color\" style=\"color:#eeeeee\">L&rsquo;accompagnement<\/span><\/a><\/span><\/strong><\/figcaption><\/figure>\n\n\n\n<figure class=\"wp-block-image size-large\"><img loading=\"lazy\" decoding=\"async\" width=\"1024\" height=\"684\" data-id=\"21417\" src=\"https:\/\/crechelespiouspious.fr\/wp-content\/uploads\/Cr\u00e8che-playground-2-1024x684.jpg\" alt=\"\" class=\"wp-image-21417\" srcset=\"https:\/\/crechelespiouspious.fr\/wp-content\/uploads\/Cr\u00e8che-playground-2-1024x684.jpg 1024w, https:\/\/crechelespiouspious.fr\/wp-content\/uploads\/Cr\u00e8che-playground-2-300x200.jpg 300w, https:\/\/crechelespiouspious.fr\/wp-content\/uploads\/Cr\u00e8che-playground-2-768x513.jpg 768w, https:\/\/crechelespiouspious.fr\/wp-content\/uploads\/Cr\u00e8che-playground-2-1536x1025.jpg 1536w, https:\/\/crechelespiouspious.fr\/wp-content\/uploads\/Cr\u00e8che-playground-2-700x467.jpg 700w, https:\/\/crechelespiouspious.fr\/wp-content\/uploads\/Cr\u00e8che-playground-2.jpg 2048w\" sizes=\"auto, (max-width: 1024px) 100vw, 1024px\" \/><figcaption class=\"wp-element-caption\"><strong><span class=\"underline\" style=\"text-decoration: underline\"><a href=\"https:\/\/crechelespiouspious.fr\/?p=21620\"><span class=\"tadv-color\" style=\"color:#eeeeee\">Les activit\u00e9s<\/span><\/a><\/span><\/strong><\/figcaption><\/figure>\n<\/figure>\n","protected":false},"excerpt":{"rendered":"<p>NOUS AXONS NOTRE PROJET P\u00c9DAGOGIQUE AUTOUR DE LA MOTRICIT\u00c9 LIBRE ET DE L&rsquo;AUTONOMIE DE L&rsquo;ENFANT.LE PLAISIR ET LE JEU SONT AU C\u0152UR DE NOTRE PROJET. \u00a0 NOS OBJECTIFS \u00a0 Pr\u00e9server le bien-\u00eatre des enfants en respectant leurs besoins, leur rythme de vie et leurs rituels (sommeil, alimentation, jeux\u2026) et en promouvant l\u2019\u00e9veil, l\u2019autonomie et la [&hellip;]<\/p>\n","protected":false},"author":6,"featured_media":0,"parent":0,"menu_order":1,"comment_status":"closed","ping_status":"closed","template":"","meta":{"footnotes":""},"class_list":["post-21351","page","type-page","status-publish","hentry"],"_links":{"self":[{"href":"https:\/\/crechelespiouspious.fr\/index.php?rest_route=\/wp\/v2\/pages\/21351","targetHints":{"allow":["GET"]}}],"collection":[{"href":"https:\/\/crechelespiouspious.fr\/index.php?rest_route=\/wp\/v2\/pages"}],"about":[{"href":"https:\/\/crechelespiouspious.fr\/index.php?rest_route=\/wp\/v2\/types\/page"}],"author":[{"embeddable":true,"href":"https:\/\/crechelespiouspious.fr\/index.php?rest_route=\/wp\/v2\/users\/6"}],"replies":[{"embeddable":true,"href":"https:\/\/crechelespiouspious.fr\/index.php?rest_route=%2Fwp%2Fv2%2Fcomments&post=21351"}],"version-history":[{"count":65,"href":"https:\/\/crechelespiouspious.fr\/index.php?rest_route=\/wp\/v2\/pages\/21351\/revisions"}],"predecessor-version":[{"id":22510,"href":"https:\/\/crechelespiouspious.fr\/index.php?rest_route=\/wp\/v2\/pages\/21351\/revisions\/22510"}],"wp:attachment":[{"href":"https:\/\/crechelespiouspious.fr\/index.php?rest_route=%2Fwp%2Fv2%2Fmedia&parent=21351"}],"curies":[{"name":"wp","href":"https:\/\/api.w.org\/{rel}","templated":true}]}}